{"id":150,"date":"2025-07-27T22:16:42","date_gmt":"2025-07-27T22:16:42","guid":{"rendered":"https:\/\/grupoero.com\/?page_id=150"},"modified":"2026-03-07T00:35:15","modified_gmt":"2026-03-07T00:35:15","slug":"contacto","status":"publish","type":"page","link":"https:\/\/grupoero.com\/en\/contacto","title":{"rendered":"CONTACTO"},"content":{"rendered":"<div data-elementor-type=\"wp-page\" data-elementor-id=\"150\" class=\"elementor elementor-150\" data-elementor-post-type=\"page\">\n\t\t\t\t<div class=\"elementor-element elementor-element-4ccafb1 e-flex e-con-boxed e-con e-parent\" data-id=\"4ccafb1\" data-element_type=\"container\">\n\t\t\t\t\t<div class=\"e-con-inner\">\n\t\t<div class=\"elementor-element elementor-element-b116933 e-con-full e-flex e-con e-child\" data-id=\"b116933\" data-element_type=\"container\">\n\t\t\t\t<div class=\"elementor-element elementor-element-55f765a elementor-widget elementor-widget-text-editor\" data-id=\"55f765a\" data-element_type=\"widget\" data-widget_type=\"text-editor.default\">\n\t\t\t\t\t\t\t\t\t<h1>Cont\u00e1ctanos&nbsp;<\/h1>\n<h2>Direcci\u00f3n<\/h2>\n<p>V\u00eda Montejo, calle Gale\u00f3n, torre uno, #317, 97204, M\u00e9rida, Yucat\u00e1n.<\/p>\n<h2>Correo electronico<\/h2>\n<p>contacto@grupoero.com<\/p>\n<h2>Tel\u00e9fono<\/h2>\n<p>52 1 999 121 3171<\/p>\n<h2>Social Media<\/h2>\n<p><a href=\"https:\/\/www.facebook.com\/profile.php?id=61573316574607\">Facebook<\/a><\/p>\n<p><a href=\"https:\/\/www.instagram.com\/grupoero\/\">Instagram<\/a><\/p>\t\t\t\t\t\t\t\t<\/div>\n\t\t\t\t<\/div>\n\t\t<div class=\"elementor-element elementor-element-d661845 e-con-full e-flex e-con e-child\" data-id=\"d661845\" data-element_type=\"container\">\n\t\t\t\t<div class=\"elementor-element elementor-element-f2a71c9 elementor-widget elementor-widget-google_maps\" data-id=\"f2a71c9\" data-element_type=\"widget\" data-widget_type=\"google_maps.default\">\n\t\t\t\t\t\t\t<div class=\"elementor-custom-embed\">\n\t\t\t<iframe loading=\"lazy\"\n\t\t\t\t\tsrc=\"https:\/\/maps.google.com\/maps?q=V%C3%ADa%20Montejo%2C%20Calle%20Gale%C3%B3n%2C%20Torre%20Uno%20317%2C%2097204%20M%C3%A9rida%2C%20Yuc.&#038;t=m&#038;z=10&#038;output=embed&#038;iwloc=near\"\n\t\t\t\t\ttitle=\"V\u00eda Montejo, Calle Gale\u00f3n, Torre Uno 317, 97204 M\u00e9rida, Yuc.\"\n\t\t\t\t\taria-label=\"V\u00eda Montejo, Calle Gale\u00f3n, Torre Uno 317, 97204 M\u00e9rida, Yuc.\"\n\t\t\t><\/iframe>\n\t\t<\/div>\n\t\t\t\t\t\t<\/div>\n\t\t\t\t<\/div>\n\t\t\t\t\t<\/div>\n\t\t\t\t<\/div>\n\t\t\t\t<\/div>","protected":false},"excerpt":{"rendered":"","protected":false},"author":1,"featured_media":0,"parent":0,"menu_order":0,"comment_status":"closed","ping_status":"closed","template":"","meta":{"_joinchat":[],"footnotes":""},"class_list":["post-150","page","type-page","status-publish","hentry"],"yoast_head":"<!-- This site is optimized with the Yoast SEO plugin v25.8 - https:\/\/yoast.com\/wordpress\/plugins\/seo\/ -->\n<title>CONTACTO - grupoero.com<\/title>\n<meta name=\"robots\" content=\"index, follow, max-snippet:-1, max-image-preview:large, max-video-preview:-1\" \/>\n<link rel=\"canonical\" href=\"https:\/\/grupoero.com\/en\/contacto\/\" \/>\n<meta property=\"og:locale\" content=\"en_US\" \/>\n<meta property=\"og:type\" content=\"article\" \/>\n<meta property=\"og:title\" content=\"CONTACTO - grupoero.com\" \/>\n<meta property=\"og:url\" content=\"https:\/\/grupoero.com\/en\/contacto\/\" \/>\n<meta property=\"og:site_name\" content=\"grupoero.com\" \/>\n<meta property=\"article:publisher\" content=\"https:\/\/www.facebook.com\/eroarquitectura\/photos?locale=es_LA\" \/>\n<meta property=\"article:modified_time\" content=\"2026-03-07T00:35:15+00:00\" \/>\n<meta name=\"twitter:card\" content=\"summary_large_image\" \/>\n<meta name=\"twitter:label1\" content=\"Est. reading time\" \/>\n\t<meta name=\"twitter:data1\" content=\"1 minute\" \/>\n<script type=\"application\/ld+json\" class=\"yoast-schema-graph\">{\"@context\":\"https:\/\/schema.org\",\"@graph\":[{\"@type\":\"WebPage\",\"@id\":\"https:\/\/grupoero.com\/contacto\",\"url\":\"https:\/\/grupoero.com\/contacto\",\"name\":\"CONTACTO - grupoero.com\",\"isPartOf\":{\"@id\":\"https:\/\/grupoero.com\/#website\"},\"datePublished\":\"2025-07-27T22:16:42+00:00\",\"dateModified\":\"2026-03-07T00:35:15+00:00\",\"breadcrumb\":{\"@id\":\"https:\/\/grupoero.com\/contacto#breadcrumb\"},\"inLanguage\":\"en-US\",\"potentialAction\":[{\"@type\":\"ReadAction\",\"target\":[\"https:\/\/grupoero.com\/contacto\"]}]},{\"@type\":\"BreadcrumbList\",\"@id\":\"https:\/\/grupoero.com\/contacto#breadcrumb\",\"itemListElement\":[{\"@type\":\"ListItem\",\"position\":1,\"name\":\"Home\",\"item\":\"https:\/\/grupoero.com\/\"},{\"@type\":\"ListItem\",\"position\":2,\"name\":\"CONTACTO\"}]},{\"@type\":\"WebSite\",\"@id\":\"https:\/\/grupoero.com\/#website\",\"url\":\"https:\/\/grupoero.com\/\",\"name\":\"grupoero.com\",\"description\":\"Arquitectura, Construcci\u00f3n, Dise\u00f1o de Interiores, Renders en Realidad Virtual y oportunidades de inversi\u00f3n.\",\"publisher\":{\"@id\":\"https:\/\/grupoero.com\/#organization\"},\"alternateName\":\"grupo ero arquitectura\",\"potentialAction\":[{\"@type\":\"SearchAction\",\"target\":{\"@type\":\"EntryPoint\",\"urlTemplate\":\"https:\/\/grupoero.com\/?s={search_term_string}\"},\"query-input\":{\"@type\":\"PropertyValueSpecification\",\"valueRequired\":true,\"valueName\":\"search_term_string\"}}],\"inLanguage\":\"en-US\"},{\"@type\":\"Organization\",\"@id\":\"https:\/\/grupoero.com\/#organization\",\"name\":\"grupoero\",\"alternateName\":\"Grupo Ero\",\"url\":\"https:\/\/grupoero.com\/\",\"logo\":{\"@type\":\"ImageObject\",\"inLanguage\":\"en-US\",\"@id\":\"https:\/\/grupoero.com\/#\/schema\/logo\/image\/\",\"url\":\"https:\/\/grupoero.com\/wp-content\/uploads\/2025\/07\/LOGO_GRUPO-ERO_SF-BLANCO.png\",\"contentUrl\":\"https:\/\/grupoero.com\/wp-content\/uploads\/2025\/07\/LOGO_GRUPO-ERO_SF-BLANCO.png\",\"width\":1452,\"height\":691,\"caption\":\"grupoero\"},\"image\":{\"@id\":\"https:\/\/grupoero.com\/#\/schema\/logo\/image\/\"},\"sameAs\":[\"https:\/\/www.facebook.com\/eroarquitectura\/photos?locale=es_LA\",\"https:\/\/www.instagram.com\/eroarquitectura\/\",\"https:\/\/api.whatsapp.com\/send\/?phone=529991213171&text&type=phone_number&app_absent=0\"]}]}<\/script>\n<!-- \/ Yoast SEO plugin. -->","yoast_head_json":{"title":"CONTACTO - grupoero.com","robots":{"index":"index","follow":"follow","max-snippet":"max-snippet:-1","max-image-preview":"max-image-preview:large","max-video-preview":"max-video-preview:-1"},"canonical":"https:\/\/grupoero.com\/en\/contacto\/","og_locale":"en_US","og_type":"article","og_title":"CONTACTO - grupoero.com","og_url":"https:\/\/grupoero.com\/en\/contacto\/","og_site_name":"grupoero.com","article_publisher":"https:\/\/www.facebook.com\/eroarquitectura\/photos?locale=es_LA","article_modified_time":"2026-03-07T00:35:15+00:00","twitter_card":"summary_large_image","twitter_misc":{"Est. reading time":"1 minute"},"schema":{"@context":"https:\/\/schema.org","@graph":[{"@type":"WebPage","@id":"https:\/\/grupoero.com\/contacto","url":"https:\/\/grupoero.com\/contacto","name":"CONTACTO - grupoero.com","isPartOf":{"@id":"https:\/\/grupoero.com\/#website"},"datePublished":"2025-07-27T22:16:42+00:00","dateModified":"2026-03-07T00:35:15+00:00","breadcrumb":{"@id":"https:\/\/grupoero.com\/contacto#breadcrumb"},"inLanguage":"en-US","potentialAction":[{"@type":"ReadAction","target":["https:\/\/grupoero.com\/contacto"]}]},{"@type":"BreadcrumbList","@id":"https:\/\/grupoero.com\/contacto#breadcrumb","itemListElement":[{"@type":"ListItem","position":1,"name":"Home","item":"https:\/\/grupoero.com\/"},{"@type":"ListItem","position":2,"name":"CONTACTO"}]},{"@type":"WebSite","@id":"https:\/\/grupoero.com\/#website","url":"https:\/\/grupoero.com\/","name":"grupoero.com","description":"Arquitectura, Construcci\u00f3n, Dise\u00f1o de Interiores, Renders en Realidad Virtual y oportunidades de inversi\u00f3n.","publisher":{"@id":"https:\/\/grupoero.com\/#organization"},"alternateName":"grupo ero arquitectura","potentialAction":[{"@type":"SearchAction","target":{"@type":"EntryPoint","urlTemplate":"https:\/\/grupoero.com\/?s={search_term_string}"},"query-input":{"@type":"PropertyValueSpecification","valueRequired":true,"valueName":"search_term_string"}}],"inLanguage":"en-US"},{"@type":"Organization","@id":"https:\/\/grupoero.com\/#organization","name":"grupoero","alternateName":"Grupo Ero","url":"https:\/\/grupoero.com\/","logo":{"@type":"ImageObject","inLanguage":"en-US","@id":"https:\/\/grupoero.com\/#\/schema\/logo\/image\/","url":"https:\/\/grupoero.com\/wp-content\/uploads\/2025\/07\/LOGO_GRUPO-ERO_SF-BLANCO.png","contentUrl":"https:\/\/grupoero.com\/wp-content\/uploads\/2025\/07\/LOGO_GRUPO-ERO_SF-BLANCO.png","width":1452,"height":691,"caption":"grupoero"},"image":{"@id":"https:\/\/grupoero.com\/#\/schema\/logo\/image\/"},"sameAs":["https:\/\/www.facebook.com\/eroarquitectura\/photos?locale=es_LA","https:\/\/www.instagram.com\/eroarquitectura\/","https:\/\/api.whatsapp.com\/send\/?phone=529991213171&text&type=phone_number&app_absent=0"]}]}},"_links":{"self":[{"href":"https:\/\/grupoero.com\/en\/wp-json\/wp\/v2\/pages\/150","targetHints":{"allow":["GET"]}}],"collection":[{"href":"https:\/\/grupoero.com\/en\/wp-json\/wp\/v2\/pages"}],"about":[{"href":"https:\/\/grupoero.com\/en\/wp-json\/wp\/v2\/types\/page"}],"author":[{"embeddable":true,"href":"https:\/\/grupoero.com\/en\/wp-json\/wp\/v2\/users\/1"}],"replies":[{"embeddable":true,"href":"https:\/\/grupoero.com\/en\/wp-json\/wp\/v2\/comments?post=150"}],"version-history":[{"count":16,"href":"https:\/\/grupoero.com\/en\/wp-json\/wp\/v2\/pages\/150\/revisions"}],"predecessor-version":[{"id":3598,"href":"https:\/\/grupoero.com\/en\/wp-json\/wp\/v2\/pages\/150\/revisions\/3598"}],"wp:attachment":[{"href":"https:\/\/grupoero.com\/en\/wp-json\/wp\/v2\/media?parent=150"}],"curies":[{"name":"wp","href":"https:\/\/api.w.org\/{rel}","templated":true}]}}