{"id":1483,"date":"2025-11-08T03:02:49","date_gmt":"2025-11-08T03:02:49","guid":{"rendered":"https:\/\/grupoero.com\/?page_id=1483"},"modified":"2025-11-08T03:02:50","modified_gmt":"2025-11-08T03:02:50","slug":"arquitectura","status":"publish","type":"page","link":"https:\/\/grupoero.com\/en\/arquitectura","title":{"rendered":"ARQUITECTURA"},"content":{"rendered":"","protected":false},"excerpt":{"rendered":"","protected":false},"author":1,"featured_media":0,"parent":0,"menu_order":0,"comment_status":"closed","ping_status":"closed","template":"","meta":{"_joinchat":[],"footnotes":""},"class_list":["post-1483","page","type-page","status-publish","hentry"],"yoast_head":"<!-- This site is optimized with the Yoast SEO plugin v25.8 - https:\/\/yoast.com\/wordpress\/plugins\/seo\/ -->\n<title>ARQUITECTURA - grupoero.com<\/title>\n<meta name=\"robots\" content=\"index, follow, max-snippet:-1, max-image-preview:large, max-video-preview:-1\" \/>\n<link rel=\"canonical\" href=\"https:\/\/grupoero.com\/en\/arquitectura\/\" \/>\n<meta property=\"og:locale\" content=\"en_US\" \/>\n<meta property=\"og:type\" content=\"article\" \/>\n<meta property=\"og:title\" content=\"ARQUITECTURA - grupoero.com\" \/>\n<meta property=\"og:url\" content=\"https:\/\/grupoero.com\/en\/arquitectura\/\" \/>\n<meta property=\"og:site_name\" content=\"grupoero.com\" \/>\n<meta property=\"article:publisher\" content=\"https:\/\/www.facebook.com\/eroarquitectura\/photos?locale=es_LA\" \/>\n<meta property=\"article:modified_time\" content=\"2025-11-08T03:02:50+00:00\" \/>\n<meta name=\"twitter:card\" content=\"summary_large_image\" \/>\n<script type=\"application\/ld+json\" class=\"yoast-schema-graph\">{\"@context\":\"https:\/\/schema.org\",\"@graph\":[{\"@type\":\"WebPage\",\"@id\":\"https:\/\/grupoero.com\/arquitectura\",\"url\":\"https:\/\/grupoero.com\/arquitectura\",\"name\":\"ARQUITECTURA - grupoero.com\",\"isPartOf\":{\"@id\":\"https:\/\/grupoero.com\/#website\"},\"datePublished\":\"2025-11-08T03:02:49+00:00\",\"dateModified\":\"2025-11-08T03:02:50+00:00\",\"breadcrumb\":{\"@id\":\"https:\/\/grupoero.com\/arquitectura#breadcrumb\"},\"inLanguage\":\"en-US\",\"potentialAction\":[{\"@type\":\"ReadAction\",\"target\":[\"https:\/\/grupoero.com\/arquitectura\"]}]},{\"@type\":\"BreadcrumbList\",\"@id\":\"https:\/\/grupoero.com\/arquitectura#breadcrumb\",\"itemListElement\":[{\"@type\":\"ListItem\",\"position\":1,\"name\":\"Home\",\"item\":\"https:\/\/grupoero.com\/\"},{\"@type\":\"ListItem\",\"position\":2,\"name\":\"ARQUITECTURA\"}]},{\"@type\":\"WebSite\",\"@id\":\"https:\/\/grupoero.com\/#website\",\"url\":\"https:\/\/grupoero.com\/\",\"name\":\"grupoero.com\",\"description\":\"Arquitectura, Construcci\u00f3n, Dise\u00f1o de Interiores, Renders en Realidad Virtual y oportunidades de inversi\u00f3n.\",\"publisher\":{\"@id\":\"https:\/\/grupoero.com\/#organization\"},\"alternateName\":\"grupo ero arquitectura\",\"potentialAction\":[{\"@type\":\"SearchAction\",\"target\":{\"@type\":\"EntryPoint\",\"urlTemplate\":\"https:\/\/grupoero.com\/?s={search_term_string}\"},\"query-input\":{\"@type\":\"PropertyValueSpecification\",\"valueRequired\":true,\"valueName\":\"search_term_string\"}}],\"inLanguage\":\"en-US\"},{\"@type\":\"Organization\",\"@id\":\"https:\/\/grupoero.com\/#organization\",\"name\":\"grupoero\",\"alternateName\":\"Grupo Ero\",\"url\":\"https:\/\/grupoero.com\/\",\"logo\":{\"@type\":\"ImageObject\",\"inLanguage\":\"en-US\",\"@id\":\"https:\/\/grupoero.com\/#\/schema\/logo\/image\/\",\"url\":\"https:\/\/grupoero.com\/wp-content\/uploads\/2025\/07\/LOGO_GRUPO-ERO_SF-BLANCO.png\",\"contentUrl\":\"https:\/\/grupoero.com\/wp-content\/uploads\/2025\/07\/LOGO_GRUPO-ERO_SF-BLANCO.png\",\"width\":1452,\"height\":691,\"caption\":\"grupoero\"},\"image\":{\"@id\":\"https:\/\/grupoero.com\/#\/schema\/logo\/image\/\"},\"sameAs\":[\"https:\/\/www.facebook.com\/eroarquitectura\/photos?locale=es_LA\",\"https:\/\/www.instagram.com\/eroarquitectura\/\",\"https:\/\/api.whatsapp.com\/send\/?phone=529991213171&text&type=phone_number&app_absent=0\"]}]}<\/script>\n<!-- \/ Yoast SEO plugin. -->","yoast_head_json":{"title":"ARQUITECTURA - grupoero.com","robots":{"index":"index","follow":"follow","max-snippet":"max-snippet:-1","max-image-preview":"max-image-preview:large","max-video-preview":"max-video-preview:-1"},"canonical":"https:\/\/grupoero.com\/en\/arquitectura\/","og_locale":"en_US","og_type":"article","og_title":"ARQUITECTURA - grupoero.com","og_url":"https:\/\/grupoero.com\/en\/arquitectura\/","og_site_name":"grupoero.com","article_publisher":"https:\/\/www.facebook.com\/eroarquitectura\/photos?locale=es_LA","article_modified_time":"2025-11-08T03:02:50+00:00","twitter_card":"summary_large_image","schema":{"@context":"https:\/\/schema.org","@graph":[{"@type":"WebPage","@id":"https:\/\/grupoero.com\/arquitectura","url":"https:\/\/grupoero.com\/arquitectura","name":"ARQUITECTURA - grupoero.com","isPartOf":{"@id":"https:\/\/grupoero.com\/#website"},"datePublished":"2025-11-08T03:02:49+00:00","dateModified":"2025-11-08T03:02:50+00:00","breadcrumb":{"@id":"https:\/\/grupoero.com\/arquitectura#breadcrumb"},"inLanguage":"en-US","potentialAction":[{"@type":"ReadAction","target":["https:\/\/grupoero.com\/arquitectura"]}]},{"@type":"BreadcrumbList","@id":"https:\/\/grupoero.com\/arquitectura#breadcrumb","itemListElement":[{"@type":"ListItem","position":1,"name":"Home","item":"https:\/\/grupoero.com\/"},{"@type":"ListItem","position":2,"name":"ARQUITECTURA"}]},{"@type":"WebSite","@id":"https:\/\/grupoero.com\/#website","url":"https:\/\/grupoero.com\/","name":"grupoero.com","description":"Arquitectura, Construcci\u00f3n, Dise\u00f1o de Interiores, Renders en Realidad Virtual y oportunidades de inversi\u00f3n.","publisher":{"@id":"https:\/\/grupoero.com\/#organization"},"alternateName":"grupo ero arquitectura","potentialAction":[{"@type":"SearchAction","target":{"@type":"EntryPoint","urlTemplate":"https:\/\/grupoero.com\/?s={search_term_string}"},"query-input":{"@type":"PropertyValueSpecification","valueRequired":true,"valueName":"search_term_string"}}],"inLanguage":"en-US"},{"@type":"Organization","@id":"https:\/\/grupoero.com\/#organization","name":"grupoero","alternateName":"Grupo Ero","url":"https:\/\/grupoero.com\/","logo":{"@type":"ImageObject","inLanguage":"en-US","@id":"https:\/\/grupoero.com\/#\/schema\/logo\/image\/","url":"https:\/\/grupoero.com\/wp-content\/uploads\/2025\/07\/LOGO_GRUPO-ERO_SF-BLANCO.png","contentUrl":"https:\/\/grupoero.com\/wp-content\/uploads\/2025\/07\/LOGO_GRUPO-ERO_SF-BLANCO.png","width":1452,"height":691,"caption":"grupoero"},"image":{"@id":"https:\/\/grupoero.com\/#\/schema\/logo\/image\/"},"sameAs":["https:\/\/www.facebook.com\/eroarquitectura\/photos?locale=es_LA","https:\/\/www.instagram.com\/eroarquitectura\/","https:\/\/api.whatsapp.com\/send\/?phone=529991213171&text&type=phone_number&app_absent=0"]}]}},"_links":{"self":[{"href":"https:\/\/grupoero.com\/en\/wp-json\/wp\/v2\/pages\/1483","targetHints":{"allow":["GET"]}}],"collection":[{"href":"https:\/\/grupoero.com\/en\/wp-json\/wp\/v2\/pages"}],"about":[{"href":"https:\/\/grupoero.com\/en\/wp-json\/wp\/v2\/types\/page"}],"author":[{"embeddable":true,"href":"https:\/\/grupoero.com\/en\/wp-json\/wp\/v2\/users\/1"}],"replies":[{"embeddable":true,"href":"https:\/\/grupoero.com\/en\/wp-json\/wp\/v2\/comments?post=1483"}],"version-history":[{"count":1,"href":"https:\/\/grupoero.com\/en\/wp-json\/wp\/v2\/pages\/1483\/revisions"}],"predecessor-version":[{"id":1484,"href":"https:\/\/grupoero.com\/en\/wp-json\/wp\/v2\/pages\/1483\/revisions\/1484"}],"wp:attachment":[{"href":"https:\/\/grupoero.com\/en\/wp-json\/wp\/v2\/media?parent=1483"}],"curies":[{"name":"wp","href":"https:\/\/api.w.org\/{rel}","templated":true}]}}