{"id":141,"date":"2025-07-27T22:06:38","date_gmt":"2025-07-27T22:06:38","guid":{"rendered":"https:\/\/grupoero.com\/?page_id=141"},"modified":"2025-11-08T01:45:38","modified_gmt":"2025-11-08T01:45:38","slug":"nosotros","status":"publish","type":"page","link":"https:\/\/grupoero.com\/en\/nosotros","title":{"rendered":"NOSOTROS"},"content":{"rendered":"<div data-elementor-type=\"wp-page\" data-elementor-id=\"141\" class=\"elementor elementor-141\" data-elementor-post-type=\"page\">\n\t\t\t\t<div class=\"elementor-element elementor-element-9fa6d9d e-flex e-con-boxed e-con e-parent\" data-id=\"9fa6d9d\" data-element_type=\"container\">\n\t\t\t\t\t<div class=\"e-con-inner\">\n\t\t<div class=\"elementor-element elementor-element-f637d51 e-con-full e-flex e-con e-child\" data-id=\"f637d51\" data-element_type=\"container\">\n\t\t<div class=\"elementor-element elementor-element-8cbdf2c e-con-full e-flex e-con e-child\" data-id=\"8cbdf2c\" data-element_type=\"container\">\n\t\t\t\t<div class=\"elementor-element elementor-element-d62b17e elementor-widget elementor-widget-text-editor\" data-id=\"d62b17e\" data-element_type=\"widget\" data-widget_type=\"text-editor.default\">\n\t\t\t\t\t\t\t\t\t<h1>Haremos realidad Tus proyectos<\/h1>\n<p>We are a team of experts commited to transforming your ideas into succesful projects through a solid base of trust, security and smoothness for you<\/p>\t\t\t\t\t\t\t\t<\/div>\n\t\t\t\t<\/div>\n\t\t<div class=\"elementor-element elementor-element-4418d31 e-con-full e-flex e-con e-child\" data-id=\"4418d31\" data-element_type=\"container\">\n\t\t\t\t<div class=\"elementor-element elementor-element-dc74907 elementor-widget elementor-widget-text-editor\" data-id=\"dc74907\" data-element_type=\"widget\" data-widget_type=\"text-editor.default\">\n\t\t\t\t\t\t\t\t\t<h1>Experiencias Inigualables en Arquitectura<\/h1>\t\t\t\t\t\t\t\t<\/div>\n\t\t\t\t<div class=\"elementor-element elementor-element-03fa5db elementor-pagination-type-bullets elementor-arrows-position-inside elementor-pagination-position-outside elementor-widget elementor-widget-n-carousel\" data-id=\"03fa5db\" data-element_type=\"widget\" data-settings=\"{&quot;carousel_items&quot;:[{&quot;slide_title&quot;:&quot;Slide #1&quot;,&quot;_id&quot;:&quot;f1818db&quot;},{&quot;slide_title&quot;:&quot;Slide #2&quot;,&quot;_id&quot;:&quot;9071d75&quot;},{&quot;slide_title&quot;:&quot;Slide #3&quot;,&quot;_id&quot;:&quot;cc61bb5&quot;},{&quot;_id&quot;:&quot;5c73560&quot;,&quot;slide_title&quot;:&quot;Slide #4&quot;},{&quot;_id&quot;:&quot;0df4663&quot;,&quot;slide_title&quot;:&quot;Slide #5&quot;}],&quot;slides_to_show&quot;:&quot;3&quot;,&quot;autoplay_speed&quot;:3000,&quot;slides_to_show_tablet&quot;:&quot;2&quot;,&quot;slides_to_show_mobile&quot;:&quot;1&quot;,&quot;autoplay&quot;:&quot;yes&quot;,&quot;pause_on_hover&quot;:&quot;yes&quot;,&quot;pause_on_interaction&quot;:&quot;yes&quot;,&quot;infinite&quot;:&quot;yes&quot;,&quot;speed&quot;:500,&quot;offset_sides&quot;:&quot;none&quot;,&quot;arrows&quot;:&quot;yes&quot;,&quot;pagination&quot;:&quot;bullets&quot;,&quot;image_spacing_custom&quot;:{&quot;unit&quot;:&quot;px&quot;,&quot;size&quot;:10,&quot;sizes&quot;:[]},&quot;image_spacing_custom_tablet&quot;:{&quot;unit&quot;:&quot;px&quot;,&quot;size&quot;:&quot;&quot;,&quot;sizes&quot;:[]},&quot;image_spacing_custom_mobile&quot;:{&quot;unit&quot;:&quot;px&quot;,&quot;size&quot;:&quot;&quot;,&quot;sizes&quot;:[]}}\" data-widget_type=\"nested-carousel.default\">\n\t\t\t\t\t\t\t<div class=\"e-n-carousel swiper\" role=\"region\" aria-roledescription=\"carousel\" aria-label=\"Carousel\" dir=\"ltr\">\n\t\t\t<div class=\"swiper-wrapper\" aria-live=\"off\">\n\t\t\t\t\t\t\t\t\t\t<div class=\"swiper-slide\" data-slide=\"1\" role=\"group\" aria-roledescription=\"slide\" aria-label=\"1 of 5\">\n\t\t\t\t\t\t\t<div class=\"elementor-element elementor-element-a0b3547 e-flex e-con-boxed e-con e-child\" data-id=\"a0b3547\" data-element_type=\"container\" data-settings=\"{&quot;background_background&quot;:&quot;classic&quot;}\">\n\t\t\t\t\t<div class=\"e-con-inner\">\n\t\t<div class=\"elementor-element elementor-element-23d7070 e-con-full e-flex e-con e-child\" data-id=\"23d7070\" data-element_type=\"container\">\n\t\t\t\t<div class=\"elementor-element elementor-element-680cfdd elementor-widget elementor-widget-text-editor\" data-id=\"680cfdd\" data-element_type=\"widget\" data-widget_type=\"text-editor.default\">\n\t\t\t\t\t\t\t\t\t<h2 style=\"text-align: center;\">Proven track record<\/h2><p style=\"text-align: center;\">in project development<\/p>\t\t\t\t\t\t\t\t<\/div>\n\t\t\t\t<\/div>\n\t\t\t\t\t<\/div>\n\t\t\t\t<\/div>\n\t\t\t\t\t\t\t\t<\/div>\n\t\t\t\t\t\t\t\t\t\t\t<div class=\"swiper-slide\" data-slide=\"2\" role=\"group\" aria-roledescription=\"slide\" aria-label=\"2 of 5\">\n\t\t\t\t\t\t\t<div class=\"elementor-element elementor-element-2fa7b8c e-flex e-con-boxed e-con e-child\" data-id=\"2fa7b8c\" data-element_type=\"container\" data-settings=\"{&quot;background_background&quot;:&quot;classic&quot;}\">\n\t\t\t\t\t<div class=\"e-con-inner\">\n\t\t<div class=\"elementor-element elementor-element-da4fa93 e-con-full e-flex e-con e-child\" data-id=\"da4fa93\" data-element_type=\"container\">\n\t\t\t\t<div class=\"elementor-element elementor-element-c5daba6 elementor-widget elementor-widget-text-editor\" data-id=\"c5daba6\" data-element_type=\"widget\" data-widget_type=\"text-editor.default\">\n\t\t\t\t\t\t\t\t\t<h2 style=\"text-align: center;\">Highly trained team<\/h2><p style=\"text-align: center;\">with years of experiences in every phase of a project<\/p>\t\t\t\t\t\t\t\t<\/div>\n\t\t\t\t<\/div>\n\t\t\t\t\t<\/div>\n\t\t\t\t<\/div>\n\t\t\t\t\t\t\t\t<\/div>\n\t\t\t\t\t\t\t\t\t\t\t<div class=\"swiper-slide\" data-slide=\"3\" role=\"group\" aria-roledescription=\"slide\" aria-label=\"3 of 5\">\n\t\t\t\t\t\t\t<div class=\"elementor-element elementor-element-b6053d5 e-flex e-con-boxed e-con e-child\" data-id=\"b6053d5\" data-element_type=\"container\" data-settings=\"{&quot;background_background&quot;:&quot;classic&quot;}\">\n\t\t\t\t\t<div class=\"e-con-inner\">\n\t\t<div class=\"elementor-element elementor-element-ac5995b e-con-full e-flex e-con e-child\" data-id=\"ac5995b\" data-element_type=\"container\">\n\t\t\t\t<div class=\"elementor-element elementor-element-c6b927b elementor-widget elementor-widget-text-editor\" data-id=\"c6b927b\" data-element_type=\"widget\" data-widget_type=\"text-editor.default\">\n\t\t\t\t\t\t\t\t\t<h2 style=\"text-align: center;\">Full coverage<\/h2><p style=\"text-align: center;\">from architectural design to final execution.<\/p>\t\t\t\t\t\t\t\t<\/div>\n\t\t\t\t<\/div>\n\t\t\t\t\t<\/div>\n\t\t\t\t<\/div>\n\t\t\t\t\t\t\t\t<\/div>\n\t\t\t\t\t\t\t\t\t\t\t<div class=\"swiper-slide\" data-slide=\"4\" role=\"group\" aria-roledescription=\"slide\" aria-label=\"4 of 5\">\n\t\t\t\t\t\t\t<div class=\"elementor-element elementor-element-d8e45b6 e-flex e-con-boxed e-con e-child\" data-id=\"d8e45b6\" data-element_type=\"container\" data-settings=\"{&quot;background_background&quot;:&quot;classic&quot;}\">\n\t\t\t\t\t<div class=\"e-con-inner\">\n\t\t<div class=\"elementor-element elementor-element-db35978 e-con-full e-flex e-con e-child\" data-id=\"db35978\" data-element_type=\"container\">\n\t\t\t\t<div class=\"elementor-element elementor-element-cb2ccb9 elementor-widget elementor-widget-text-editor\" data-id=\"cb2ccb9\" data-element_type=\"widget\" data-widget_type=\"text-editor.default\">\n\t\t\t\t\t\t\t\t\t<h2 style=\"text-align: center;\">Optimized efficiency<\/h2><p style=\"text-align: center;\">reducing risks and maximizing quality.<\/p>\t\t\t\t\t\t\t\t<\/div>\n\t\t\t\t<\/div>\n\t\t\t\t\t<\/div>\n\t\t\t\t<\/div>\n\t\t\t\t\t\t\t\t<\/div>\n\t\t\t\t\t\t\t\t\t\t\t<div class=\"swiper-slide\" data-slide=\"5\" role=\"group\" aria-roledescription=\"slide\" aria-label=\"5 of 5\">\n\t\t\t\t\t\t\t<div class=\"elementor-element elementor-element-65b226e e-flex e-con-boxed e-con e-child\" data-id=\"65b226e\" data-element_type=\"container\" data-settings=\"{&quot;background_background&quot;:&quot;classic&quot;}\">\n\t\t\t\t\t<div class=\"e-con-inner\">\n\t\t<div class=\"elementor-element elementor-element-724141b e-con-full e-flex e-con e-child\" data-id=\"724141b\" data-element_type=\"container\">\n\t\t\t\t<div class=\"elementor-element elementor-element-03f3602 elementor-widget elementor-widget-text-editor\" data-id=\"03f3602\" data-element_type=\"widget\" data-widget_type=\"text-editor.default\">\n\t\t\t\t\t\t\t\t\t<h2 style=\"text-align: center;\">Different<\/h2><p style=\"text-align: center;\">from our competitors for guaranteeing better results<\/p>\t\t\t\t\t\t\t\t<\/div>\n\t\t\t\t<\/div>\n\t\t\t\t\t<\/div>\n\t\t\t\t<\/div>\n\t\t\t\t\t\t\t\t<\/div>\n\t\t\t\t\t\t\t\t<\/div>\n\t\t<\/div>\n\t\t\t\t\t<div class=\"elementor-swiper-button elementor-swiper-button-prev\" role=\"button\" tabindex=\"0\" aria-label=\"Previous\">\n\t\t\t\t<svg aria-hidden=\"true\" class=\"e-font-icon-svg e-eicon-chevron-left\" viewbox=\"0 0 1000 1000\" xmlns=\"http:\/\/www.w3.org\/2000\/svg\"><path d=\"M646 125C629 125 613 133 604 142L308 442C296 454 292 471 292 487 292 504 296 521 308 533L604 854C617 867 629 875 646 875 663 875 679 871 692 858 704 846 713 829 713 812 713 796 708 779 692 767L438 487 692 225C700 217 708 204 708 187 708 171 704 154 692 142 675 129 663 125 646 125Z\"><\/path><\/svg>\t\t\t<\/div>\n\t\t\t<div class=\"elementor-swiper-button elementor-swiper-button-next\" role=\"button\" tabindex=\"0\" aria-label=\"Next\">\n\t\t\t\t<svg aria-hidden=\"true\" class=\"e-font-icon-svg e-eicon-chevron-right\" viewbox=\"0 0 1000 1000\" xmlns=\"http:\/\/www.w3.org\/2000\/svg\"><path d=\"M696 533C708 521 713 504 713 487 713 471 708 454 696 446L400 146C388 133 375 125 354 125 338 125 325 129 313 142 300 154 292 171 292 187 292 204 296 221 308 233L563 492 304 771C292 783 288 800 288 817 288 833 296 850 308 863 321 871 338 875 354 875 371 875 388 867 400 854L696 533Z\"><\/path><\/svg>\t\t\t<\/div>\n\t\t\t\t\t<div class=\"swiper-pagination\"><\/div>\n\t\t\t\t\t\t<\/div>\n\t\t\t\t<\/div>\n\t\t\t\t<\/div>\n\t\t\t\t\t<\/div>\n\t\t\t\t<\/div>\n\t\t<div class=\"elementor-element elementor-element-c48d653 e-flex e-con-boxed e-con e-parent\" data-id=\"c48d653\" data-element_type=\"container\">\n\t\t\t\t\t<div class=\"e-con-inner\">\n\t\t<div class=\"elementor-element elementor-element-e49ffab e-con-full e-flex e-con e-child\" data-id=\"e49ffab\" data-element_type=\"container\">\n\t\t\t\t<div class=\"elementor-element elementor-element-a91e0aa elementor-widget__width-initial elementor-widget-tablet__width-inherit elementor-widget elementor-widget-text-editor\" data-id=\"a91e0aa\" data-element_type=\"widget\" data-widget_type=\"text-editor.default\">\n\t\t\t\t\t\t\t\t\t<h1>Visionary, purposeful and freer investments.<\/h1><p>We are a strategic firm focused on comprehensive business design and development. Our approach combines financial analysis, creative vision and technical execution to support investors looking for projects filled with purpose, identity and profits.<\/p>\t\t\t\t\t\t\t\t<\/div>\n\t\t\t\t<\/div>\n\t\t<div class=\"elementor-element elementor-element-65b5496 e-con-full e-flex e-con e-child\" data-id=\"65b5496\" data-element_type=\"container\">\n\t\t\t\t<div class=\"elementor-element elementor-element-ed5dcf2 elementor-widget__width-inherit elementor-widget elementor-widget-image\" data-id=\"ed5dcf2\" data-element_type=\"widget\" data-widget_type=\"image.default\">\n\t\t\t\t\t\t\t\t\t\t\t\t\t\t\t<img fetchpriority=\"high\" decoding=\"async\" width=\"1024\" height=\"469\" src=\"https:\/\/grupoero.com\/wp-content\/uploads\/2025\/07\/CL5-1-1024x469.png\" class=\"attachment-large size-large wp-image-96\" alt=\"\" srcset=\"https:\/\/grupoero.com\/wp-content\/uploads\/2025\/07\/CL5-1-1024x469.png 1024w, https:\/\/grupoero.com\/wp-content\/uploads\/2025\/07\/CL5-1-300x137.png 300w, https:\/\/grupoero.com\/wp-content\/uploads\/2025\/07\/CL5-1-768x351.png 768w, https:\/\/grupoero.com\/wp-content\/uploads\/2025\/07\/CL5-1-1536x703.png 1536w, https:\/\/grupoero.com\/wp-content\/uploads\/2025\/07\/CL5-1-2048x937.png 2048w\" sizes=\"(max-width: 1024px) 100vw, 1024px\" \/>\t\t\t\t\t\t\t\t\t\t\t\t\t\t\t<\/div>\n\t\t\t\t<div class=\"elementor-element elementor-element-f561619 elementor-widget__width-inherit elementor-widget elementor-widget-text-editor\" data-id=\"f561619\" data-element_type=\"widget\" data-widget_type=\"text-editor.default\">\n\t\t\t\t\t\t\t\t\t<h2>We transform ideas into profitable and structured business models<\/h2>\t\t\t\t\t\t\t\t<\/div>\n\t\t\t\t<div class=\"elementor-element elementor-element-248d64f elementor-widget__width-inherit elementor-widget elementor-widget-text-editor\" data-id=\"248d64f\" data-element_type=\"widget\" data-widget_type=\"text-editor.default\">\n\t\t\t\t\t\t\t\t\t<p>We create solid models for investment to generate financial freedom through well-designed enterprises, made from scratch.<\/p><p><span style=\"font-style: inherit; font-weight: inherit;\">to function and grow. We specialize in structuring and analyzing real estate projects with strategic and financial vision.<\/span><\/p>\t\t\t\t\t\t\t\t<\/div>\n\t\t\t\t<\/div>\n\t\t\t\t\t<\/div>\n\t\t\t\t<\/div>\n\t\t<div class=\"elementor-element elementor-element-6d7f130 e-flex e-con-boxed e-con e-parent\" data-id=\"6d7f130\" data-element_type=\"container\">\n\t\t\t\t\t<div class=\"e-con-inner\">\n\t\t<div class=\"elementor-element elementor-element-1d4f611 e-con-full e-flex e-con e-child\" data-id=\"1d4f611\" data-element_type=\"container\">\n\t\t\t\t<div class=\"elementor-element elementor-element-12dd4e3 elementor-widget elementor-widget-text-editor\" data-id=\"12dd4e3\" data-element_type=\"widget\" data-widget_type=\"text-editor.default\">\n\t\t\t\t\t\t\t\t\t<h2>Our<\/h2><h1>Mission<\/h1>\t\t\t\t\t\t\t\t<\/div>\n\t\t\t\t<div class=\"elementor-element elementor-element-088aea3 elementor-widget elementor-widget-text-editor\" data-id=\"088aea3\" data-element_type=\"widget\" data-widget_type=\"text-editor.default\">\n\t\t\t\t\t\t\t\t\t<p>Liderar la vanguardia del dise\u00f1o y la construcci\u00f3n en M\u00e9xico, colaborando estrechamente con nuestros clientes para materializar sus ideas. A trav\u00e9s de la innovaci\u00f3n y una ejecuci\u00f3n impecable, damos vida a cada proyecto con un toque de distinci\u00f3n y modernidad.<\/p>\t\t\t\t\t\t\t\t<\/div>\n\t\t\t\t<\/div>\n\t\t<div class=\"elementor-element elementor-element-fa95711 e-con-full e-flex e-con e-child\" data-id=\"fa95711\" data-element_type=\"container\">\n\t\t\t\t<div class=\"elementor-element elementor-element-9f340cd elementor-widget__width-inherit elementor-widget elementor-widget-text-editor\" data-id=\"9f340cd\" data-element_type=\"widget\" data-widget_type=\"text-editor.default\">\n\t\t\t\t\t\t\t\t\t<h2>Our<\/h2><h1>Vision<\/h1>\t\t\t\t\t\t\t\t<\/div>\n\t\t\t\t<div class=\"elementor-element elementor-element-76a6008 elementor-widget elementor-widget-text-editor\" data-id=\"76a6008\" data-element_type=\"widget\" data-widget_type=\"text-editor.default\">\n\t\t\t\t\t\t\t\t\t<p>Ser reconocidos como la firma de dise\u00f1o y construcci\u00f3n l\u00edder en M\u00e9xico, un referente de innovaci\u00f3n, calidad y distinci\u00f3n que redefine el est\u00e1ndar de excelencia en cada proyecto.<\/p>\t\t\t\t\t\t\t\t<\/div>\n\t\t\t\t<\/div>\n\t\t\t\t\t<\/div>\n\t\t\t\t<\/div>\n\t\t\t\t<\/div>","protected":false},"excerpt":{"rendered":"<p>Haremos realidad Tus proyectos Somos un equipo de expertos comprometidos con transformar tus ideas en proyectos exitosos, con una s\u00f3lida base de confianza, seguridad y tranquilidad para ti Experiencias Inigualables en Arquitectura Trayectoria comprobada en el desarrollo de proyectos Equipo altamente capacitado a\u00f1os de experiencia en todas las fases del proyecto Cobertura completa desde el [&hellip;]<\/p>","protected":false},"author":1,"featured_media":0,"parent":0,"menu_order":0,"comment_status":"closed","ping_status":"closed","template":"","meta":{"_joinchat":[],"footnotes":""},"class_list":["post-141","page","type-page","status-publish","hentry"],"yoast_head":"<!-- This site is optimized with the Yoast SEO plugin v25.8 - https:\/\/yoast.com\/wordpress\/plugins\/seo\/ -->\n<title>NOSOTROS - grupoero.com<\/title>\n<meta name=\"robots\" content=\"index, follow, max-snippet:-1, max-image-preview:large, max-video-preview:-1\" \/>\n<link rel=\"canonical\" href=\"https:\/\/grupoero.com\/en\/nosotros\/\" \/>\n<meta property=\"og:locale\" content=\"en_US\" \/>\n<meta property=\"og:type\" content=\"article\" \/>\n<meta property=\"og:title\" content=\"NOSOTROS - grupoero.com\" \/>\n<meta property=\"og:description\" content=\"Haremos realidad Tus proyectos Somos un equipo de expertos comprometidos con transformar tus ideas en proyectos exitosos, con una s\u00f3lida base de confianza, seguridad y tranquilidad para ti Experiencias Inigualables en Arquitectura Trayectoria comprobada en el desarrollo de proyectos Equipo altamente capacitado a\u00f1os de experiencia en todas las fases del proyecto Cobertura completa desde el [&hellip;]\" \/>\n<meta property=\"og:url\" content=\"https:\/\/grupoero.com\/en\/nosotros\/\" \/>\n<meta property=\"og:site_name\" content=\"grupoero.com\" \/>\n<meta property=\"article:publisher\" content=\"https:\/\/www.facebook.com\/eroarquitectura\/photos?locale=es_LA\" \/>\n<meta property=\"article:modified_time\" content=\"2025-11-08T01:45:38+00:00\" \/>\n<meta property=\"og:image\" content=\"https:\/\/grupoero.com\/wp-content\/uploads\/2025\/07\/CL5-1-scaled.png\" \/>\n\t<meta property=\"og:image:width\" content=\"2560\" \/>\n\t<meta property=\"og:image:height\" content=\"1172\" \/>\n\t<meta property=\"og:image:type\" content=\"image\/png\" \/>\n<meta name=\"twitter:card\" content=\"summary_large_image\" \/>\n<meta name=\"twitter:label1\" content=\"Est. reading time\" \/>\n\t<meta name=\"twitter:data1\" content=\"2 minutes\" \/>\n<script type=\"application\/ld+json\" class=\"yoast-schema-graph\">{\"@context\":\"https:\/\/schema.org\",\"@graph\":[{\"@type\":\"WebPage\",\"@id\":\"https:\/\/grupoero.com\/nosotros\",\"url\":\"https:\/\/grupoero.com\/nosotros\",\"name\":\"NOSOTROS - grupoero.com\",\"isPartOf\":{\"@id\":\"https:\/\/grupoero.com\/#website\"},\"primaryImageOfPage\":{\"@id\":\"https:\/\/grupoero.com\/nosotros#primaryimage\"},\"image\":{\"@id\":\"https:\/\/grupoero.com\/nosotros#primaryimage\"},\"thumbnailUrl\":\"https:\/\/grupoero.com\/wp-content\/uploads\/2025\/07\/CL5-1-1024x469.png\",\"datePublished\":\"2025-07-27T22:06:38+00:00\",\"dateModified\":\"2025-11-08T01:45:38+00:00\",\"breadcrumb\":{\"@id\":\"https:\/\/grupoero.com\/nosotros#breadcrumb\"},\"inLanguage\":\"en-US\",\"potentialAction\":[{\"@type\":\"ReadAction\",\"target\":[\"https:\/\/grupoero.com\/nosotros\"]}]},{\"@type\":\"ImageObject\",\"inLanguage\":\"en-US\",\"@id\":\"https:\/\/grupoero.com\/nosotros#primaryimage\",\"url\":\"https:\/\/grupoero.com\/wp-content\/uploads\/2025\/07\/CL5-1-1024x469.png\",\"contentUrl\":\"https:\/\/grupoero.com\/wp-content\/uploads\/2025\/07\/CL5-1-1024x469.png\"},{\"@type\":\"BreadcrumbList\",\"@id\":\"https:\/\/grupoero.com\/nosotros#breadcrumb\",\"itemListElement\":[{\"@type\":\"ListItem\",\"position\":1,\"name\":\"Home\",\"item\":\"https:\/\/grupoero.com\/\"},{\"@type\":\"ListItem\",\"position\":2,\"name\":\"NOSOTROS\"}]},{\"@type\":\"WebSite\",\"@id\":\"https:\/\/grupoero.com\/#website\",\"url\":\"https:\/\/grupoero.com\/\",\"name\":\"grupoero.com\",\"description\":\"Arquitectura, Construcci\u00f3n, Dise\u00f1o de Interiores, Renders en Realidad Virtual y oportunidades de inversi\u00f3n.\",\"publisher\":{\"@id\":\"https:\/\/grupoero.com\/#organization\"},\"alternateName\":\"grupo ero arquitectura\",\"potentialAction\":[{\"@type\":\"SearchAction\",\"target\":{\"@type\":\"EntryPoint\",\"urlTemplate\":\"https:\/\/grupoero.com\/?s={search_term_string}\"},\"query-input\":{\"@type\":\"PropertyValueSpecification\",\"valueRequired\":true,\"valueName\":\"search_term_string\"}}],\"inLanguage\":\"en-US\"},{\"@type\":\"Organization\",\"@id\":\"https:\/\/grupoero.com\/#organization\",\"name\":\"grupoero\",\"alternateName\":\"Grupo Ero\",\"url\":\"https:\/\/grupoero.com\/\",\"logo\":{\"@type\":\"ImageObject\",\"inLanguage\":\"en-US\",\"@id\":\"https:\/\/grupoero.com\/#\/schema\/logo\/image\/\",\"url\":\"https:\/\/grupoero.com\/wp-content\/uploads\/2025\/07\/LOGO_GRUPO-ERO_SF-BLANCO.png\",\"contentUrl\":\"https:\/\/grupoero.com\/wp-content\/uploads\/2025\/07\/LOGO_GRUPO-ERO_SF-BLANCO.png\",\"width\":1452,\"height\":691,\"caption\":\"grupoero\"},\"image\":{\"@id\":\"https:\/\/grupoero.com\/#\/schema\/logo\/image\/\"},\"sameAs\":[\"https:\/\/www.facebook.com\/eroarquitectura\/photos?locale=es_LA\",\"https:\/\/www.instagram.com\/eroarquitectura\/\",\"https:\/\/api.whatsapp.com\/send\/?phone=529991213171&text&type=phone_number&app_absent=0\"]}]}<\/script>\n<!-- \/ Yoast SEO plugin. -->","yoast_head_json":{"title":"NOSOTROS - grupoero.com","robots":{"index":"index","follow":"follow","max-snippet":"max-snippet:-1","max-image-preview":"max-image-preview:large","max-video-preview":"max-video-preview:-1"},"canonical":"https:\/\/grupoero.com\/en\/nosotros\/","og_locale":"en_US","og_type":"article","og_title":"NOSOTROS - grupoero.com","og_description":"Haremos realidad Tus proyectos Somos un equipo de expertos comprometidos con transformar tus ideas en proyectos exitosos, con una s\u00f3lida base de confianza, seguridad y tranquilidad para ti Experiencias Inigualables en Arquitectura Trayectoria comprobada en el desarrollo de proyectos Equipo altamente capacitado a\u00f1os de experiencia en todas las fases del proyecto Cobertura completa desde el [&hellip;]","og_url":"https:\/\/grupoero.com\/en\/nosotros\/","og_site_name":"grupoero.com","article_publisher":"https:\/\/www.facebook.com\/eroarquitectura\/photos?locale=es_LA","article_modified_time":"2025-11-08T01:45:38+00:00","og_image":[{"width":2560,"height":1172,"url":"https:\/\/grupoero.com\/wp-content\/uploads\/2025\/07\/CL5-1-scaled.png","type":"image\/png"}],"twitter_card":"summary_large_image","twitter_misc":{"Est. reading time":"2 minutes"},"schema":{"@context":"https:\/\/schema.org","@graph":[{"@type":"WebPage","@id":"https:\/\/grupoero.com\/nosotros","url":"https:\/\/grupoero.com\/nosotros","name":"NOSOTROS - grupoero.com","isPartOf":{"@id":"https:\/\/grupoero.com\/#website"},"primaryImageOfPage":{"@id":"https:\/\/grupoero.com\/nosotros#primaryimage"},"image":{"@id":"https:\/\/grupoero.com\/nosotros#primaryimage"},"thumbnailUrl":"https:\/\/grupoero.com\/wp-content\/uploads\/2025\/07\/CL5-1-1024x469.png","datePublished":"2025-07-27T22:06:38+00:00","dateModified":"2025-11-08T01:45:38+00:00","breadcrumb":{"@id":"https:\/\/grupoero.com\/nosotros#breadcrumb"},"inLanguage":"en-US","potentialAction":[{"@type":"ReadAction","target":["https:\/\/grupoero.com\/nosotros"]}]},{"@type":"ImageObject","inLanguage":"en-US","@id":"https:\/\/grupoero.com\/nosotros#primaryimage","url":"https:\/\/grupoero.com\/wp-content\/uploads\/2025\/07\/CL5-1-1024x469.png","contentUrl":"https:\/\/grupoero.com\/wp-content\/uploads\/2025\/07\/CL5-1-1024x469.png"},{"@type":"BreadcrumbList","@id":"https:\/\/grupoero.com\/nosotros#breadcrumb","itemListElement":[{"@type":"ListItem","position":1,"name":"Home","item":"https:\/\/grupoero.com\/"},{"@type":"ListItem","position":2,"name":"NOSOTROS"}]},{"@type":"WebSite","@id":"https:\/\/grupoero.com\/#website","url":"https:\/\/grupoero.com\/","name":"grupoero.com","description":"Arquitectura, Construcci\u00f3n, Dise\u00f1o de Interiores, Renders en Realidad Virtual y oportunidades de inversi\u00f3n.","publisher":{"@id":"https:\/\/grupoero.com\/#organization"},"alternateName":"grupo ero arquitectura","potentialAction":[{"@type":"SearchAction","target":{"@type":"EntryPoint","urlTemplate":"https:\/\/grupoero.com\/?s={search_term_string}"},"query-input":{"@type":"PropertyValueSpecification","valueRequired":true,"valueName":"search_term_string"}}],"inLanguage":"en-US"},{"@type":"Organization","@id":"https:\/\/grupoero.com\/#organization","name":"grupoero","alternateName":"Grupo Ero","url":"https:\/\/grupoero.com\/","logo":{"@type":"ImageObject","inLanguage":"en-US","@id":"https:\/\/grupoero.com\/#\/schema\/logo\/image\/","url":"https:\/\/grupoero.com\/wp-content\/uploads\/2025\/07\/LOGO_GRUPO-ERO_SF-BLANCO.png","contentUrl":"https:\/\/grupoero.com\/wp-content\/uploads\/2025\/07\/LOGO_GRUPO-ERO_SF-BLANCO.png","width":1452,"height":691,"caption":"grupoero"},"image":{"@id":"https:\/\/grupoero.com\/#\/schema\/logo\/image\/"},"sameAs":["https:\/\/www.facebook.com\/eroarquitectura\/photos?locale=es_LA","https:\/\/www.instagram.com\/eroarquitectura\/","https:\/\/api.whatsapp.com\/send\/?phone=529991213171&text&type=phone_number&app_absent=0"]}]}},"_links":{"self":[{"href":"https:\/\/grupoero.com\/en\/wp-json\/wp\/v2\/pages\/141","targetHints":{"allow":["GET"]}}],"collection":[{"href":"https:\/\/grupoero.com\/en\/wp-json\/wp\/v2\/pages"}],"about":[{"href":"https:\/\/grupoero.com\/en\/wp-json\/wp\/v2\/types\/page"}],"author":[{"embeddable":true,"href":"https:\/\/grupoero.com\/en\/wp-json\/wp\/v2\/users\/1"}],"replies":[{"embeddable":true,"href":"https:\/\/grupoero.com\/en\/wp-json\/wp\/v2\/comments?post=141"}],"version-history":[{"count":54,"href":"https:\/\/grupoero.com\/en\/wp-json\/wp\/v2\/pages\/141\/revisions"}],"predecessor-version":[{"id":1452,"href":"https:\/\/grupoero.com\/en\/wp-json\/wp\/v2\/pages\/141\/revisions\/1452"}],"wp:attachment":[{"href":"https:\/\/grupoero.com\/en\/wp-json\/wp\/v2\/media?parent=141"}],"curies":[{"name":"wp","href":"https:\/\/api.w.org\/{rel}","templated":true}]}}